{"id":2207,"date":"2024-06-28T10:39:19","date_gmt":"2024-06-28T10:39:19","guid":{"rendered":"https:\/\/greendot.org\/taylor\/contacta-con-nosotros\/"},"modified":"2024-09-02T07:22:41","modified_gmt":"2024-09-02T07:22:41","slug":"contacta-con-nosotros","status":"publish","type":"page","link":"https:\/\/greendot.org\/taylor\/es\/contacta-con-nosotros\/","title":{"rendered":"Contacta con nosotros"},"content":{"rendered":"\t\t<div data-elementor-type=\"wp-page\" data-elementor-id=\"2207\" class=\"elementor elementor-2207 elementor-389\" data-elementor-post-type=\"page\">\n\t\t\t\t<div class=\"elementor-element elementor-element-be76abe e-con-full animated-slow hero-img e-flex elementor-invisible e-con e-parent\" data-id=\"be76abe\" data-element_type=\"container\" data-settings=\"{&quot;background_background&quot;:&quot;classic&quot;,&quot;animation&quot;:&quot;fadeInUp&quot;,&quot;animation_delay&quot;:&quot;200&quot;}\">\n\t\t<div class=\"elementor-element elementor-element-c0512e9 e-con-full e-flex e-con e-child\" data-id=\"c0512e9\" data-element_type=\"container\">\n\t\t\t\t<\/div>\n\t\t\t\t<\/div>\n\t\t<div class=\"elementor-element elementor-element-8220ac8 home-top-btn-bg e-flex e-con-boxed e-con e-parent\" data-id=\"8220ac8\" data-element_type=\"container\" data-settings=\"{&quot;background_background&quot;:&quot;classic&quot;}\">\n\t\t\t\t\t<div class=\"e-con-inner\">\n\t\t<div class=\"elementor-element elementor-element-b41399a e-con-full e-flex elementor-invisible e-con e-child\" data-id=\"b41399a\" data-element_type=\"container\" data-settings=\"{&quot;animation&quot;:&quot;fadeInUp&quot;,&quot;animation_delay&quot;:&quot;200&quot;}\">\n\t\t<div class=\"elementor-element elementor-element-3612320 e-con-full e-flex e-con e-child\" data-id=\"3612320\" data-element_type=\"container\">\n\t\t<div data-ep-wrapper-link=\"{&quot;url&quot;:&quot;https:\\\/\\\/greendotpublicschools.schoolmint.net\\\/welcomeback&quot;,&quot;is_external&quot;:&quot;on&quot;,&quot;nofollow&quot;:&quot;&quot;,&quot;custom_attributes&quot;:&quot;&quot;}\" style=\"cursor: pointer\" class=\"bdt-element-link elementor-element elementor-element-be68ea7 e-con-full e-flex elementor-invisible e-con e-child\" data-id=\"be68ea7\" data-element_type=\"container\" data-settings=\"{&quot;animation&quot;:&quot;fadeInLeft&quot;,&quot;animation_delay&quot;:&quot;400&quot;}\">\n\t\t\t\t<div class=\"elementor-element elementor-element-33c0077 bdt-icon-type-image topBoxWithArrow step-flow-svg bdt-global-link-yes bdt-icon-effect-none elementor-widget elementor-widget-bdt-step-flow\" data-id=\"33c0077\" data-element_type=\"widget\" data-widget_type=\"bdt-step-flow.default\">\n\t\t\t\t<div class=\"elementor-widget-container\">\n\t\t\t\t\t        <div class=\"bdt-step-flow\">\n\n            \n        \n    \n            <div class=\"bdt-step-flow-content\">\n\n                \n                    <span class=\"bdt-step-flow-title\">\n                <span >\n                    Solicitar ahora                <\/span>\n            <\/span>\n        \n    \n                \n                \n                \n            <\/div>\n\n                            \n        <div class=\"bdt-direction-svg\">\n            <img decoding=\"async\" class=\"bdt-animation-stroke\" data-bdt-svg=\"stroke-animation: true\" src=\"https:\/\/greendot.org\/taylor\/wp-content\/plugins\/bdthemes-element-pack\/assets\/images\/direction\/step-1.svg\" alt=\"Direction Arrows\">\n        <\/div>\n\n    \n            \n        <\/div>\n\n        \n\t\t\t\t<\/div>\n\t\t\t\t<\/div>\n\t\t\t\t<\/div>\n\t\t<div data-ep-wrapper-link=\"{&quot;url&quot;:&quot;mailto:dlopez@animo.org&quot;,&quot;is_external&quot;:&quot;&quot;,&quot;nofollow&quot;:&quot;&quot;,&quot;custom_attributes&quot;:&quot;&quot;}\" style=\"cursor: pointer\" class=\"bdt-element-link elementor-element elementor-element-1094053 e-con-full e-flex elementor-invisible e-con e-child\" data-id=\"1094053\" data-element_type=\"container\" data-settings=\"{&quot;animation&quot;:&quot;fadeInRight&quot;,&quot;animation_delay&quot;:&quot;400&quot;}\">\n\t\t\t\t<div class=\"elementor-element elementor-element-1d55de7 bdt-icon-type-image topBoxWithArrow step-flow-svg bdt-global-link-yes bdt-icon-effect-none elementor-widget elementor-widget-bdt-step-flow\" data-id=\"1d55de7\" data-element_type=\"widget\" data-widget_type=\"bdt-step-flow.default\">\n\t\t\t\t<div class=\"elementor-widget-container\">\n\t\t\t\t\t        <div class=\"bdt-step-flow\">\n\n            \n        \n    \n            <div class=\"bdt-step-flow-content\">\n\n                \n                    <span class=\"bdt-step-flow-title\">\n                <span >\n                    Programa una visita                <\/span>\n            <\/span>\n        \n    \n                \n                \n                \n            <\/div>\n\n                            \n        <div class=\"bdt-direction-svg\">\n            <img decoding=\"async\" class=\"bdt-animation-stroke\" data-bdt-svg=\"stroke-animation: true\" src=\"https:\/\/greendot.org\/taylor\/wp-content\/plugins\/bdthemes-element-pack\/assets\/images\/direction\/step-1.svg\" alt=\"Direction Arrows\">\n        <\/div>\n\n    \n            \n        <\/div>\n\n        \n\t\t\t\t<\/div>\n\t\t\t\t<\/div>\n\t\t\t\t<\/div>\n\t\t<div class=\"elementor-element elementor-element-bbe12d6 e-con-full e-flex elementor-invisible e-con e-child\" data-id=\"bbe12d6\" data-element_type=\"container\" data-settings=\"{&quot;animation&quot;:&quot;fadeInRight&quot;,&quot;animation_delay&quot;:&quot;400&quot;}\">\n\t\t<a class=\"elementor-element elementor-element-761421a e-con-full e-flex e-con e-child\" data-id=\"761421a\" data-element_type=\"container\" href=\"https:\/\/greendot.org\/taylor\/es\/sobre-nosotros\/\">\n\t\t\t\t<div class=\"elementor-element elementor-element-00f3159 bdt-icon-type-image topBoxWithArrow step-flow-svg bdt-global-link-yes bdt-icon-effect-none elementor-widget elementor-widget-bdt-step-flow\" data-id=\"00f3159\" data-element_type=\"widget\" data-widget_type=\"bdt-step-flow.default\">\n\t\t\t\t<div class=\"elementor-widget-container\">\n\t\t\t\t\t        <div class=\"bdt-step-flow\">\n\n            \n        \n    \n            <div class=\"bdt-step-flow-content\">\n\n                \n                    <span class=\"bdt-step-flow-title\">\n                <span >\n                    Saber m\u00e1s                <\/span>\n            <\/span>\n        \n    \n                \n                \n                \n            <\/div>\n\n                            \n        <div class=\"bdt-direction-svg\">\n            <img decoding=\"async\" class=\"bdt-animation-stroke\" data-bdt-svg=\"stroke-animation: true\" src=\"https:\/\/greendot.org\/taylor\/wp-content\/plugins\/bdthemes-element-pack\/assets\/images\/direction\/step-1.svg\" alt=\"Direction Arrows\">\n        <\/div>\n\n    \n            \n        <\/div>\n\n        \n\t\t\t\t<\/div>\n\t\t\t\t<\/div>\n\t\t\t\t<\/a>\n\t\t\t\t<\/div>\n\t\t\t\t<\/div>\n\t\t\t\t<\/div>\n\t\t\t\t\t<\/div>\n\t\t\t\t<\/div>\n\t\t<div class=\"elementor-element elementor-element-65a9d34 e-flex e-con-boxed e-con e-parent\" data-id=\"65a9d34\" data-element_type=\"container\">\n\t\t\t\t\t<div class=\"e-con-inner\">\n\t\t<div class=\"elementor-element elementor-element-8ab21f4 e-con-full e-flex e-con e-child\" data-id=\"8ab21f4\" data-element_type=\"container\">\n\t\t\t\t<div class=\"elementor-element elementor-element-3c71c5a elementor-widget elementor-widget-heading\" data-id=\"3c71c5a\" data-element_type=\"widget\" data-widget_type=\"heading.default\">\n\t\t\t\t<div class=\"elementor-widget-container\">\n\t\t\t\t\t<h2 class=\"elementor-heading-title elementor-size-default\">Contacta con nosotros<\/h2>\t\t\t\t<\/div>\n\t\t\t\t<\/div>\n\t\t\t\t<div class=\"elementor-element elementor-element-9169624 elementor-widget elementor-widget-text-editor\" data-id=\"9169624\" data-element_type=\"widget\" data-widget_type=\"text-editor.default\">\n\t\t\t\t<div class=\"elementor-widget-container\">\n\t\t\t\t\t\t\t\t\t<p>Para preguntas generales, comentarios,<br \/>o dudas, llama al <strong><a class=\"emailLink\" href=\"tel:3235688613\" target=\"_blank\" rel=\"noopener\">(323) 568-8613 <\/a><\/strong>o env\u00edanos un mensaje<\/p>\n\t\t\t\t\t\t\t\t<\/div>\n\t\t\t\t<\/div>\n\t\t\t\t<div class=\"elementor-element elementor-element-fcd590a eael-contact-form-7-button-align-left eael-contact-form-7-button-align-left eael-contact-form-7-button-align-left eael-contact-form-7-button-align-left eael-contact-form-7-button-custom elementor-widget elementor-widget-eael-contact-form-7\" data-id=\"fcd590a\" data-element_type=\"widget\" data-widget_type=\"eael-contact-form-7.default\">\n\t\t\t\t<div class=\"elementor-widget-container\">\n\t\t\t\t\t<div class=\"eael-contact-form-7-wrapper\">\n                <div class=\"eael-contact-form eael-contact-form-7 eael-contact-form-fcd590a placeholder-show eael-contact-form-align-default\">\n<div class=\"wpcf7 no-js\" id=\"wpcf7-f2196-o1\" lang=\"es-ES\" dir=\"ltr\" data-wpcf7-id=\"2196\">\n<div class=\"screen-reader-response\"><p role=\"status\" aria-live=\"polite\" aria-atomic=\"true\"><\/p> <ul><\/ul><\/div>\n<form action=\"\/taylor\/es\/wp-json\/wp\/v2\/pages\/2207#wpcf7-f2196-o1\" method=\"post\" class=\"wpcf7-form init\" aria-label=\"Formulario de contacto\" novalidate=\"novalidate\" data-status=\"init\">\n<fieldset class=\"hidden-fields-container\"><input type=\"hidden\" name=\"_wpcf7\" value=\"2196\" \/><input type=\"hidden\" name=\"_wpcf7_version\" value=\"6.1.4\" \/><input type=\"hidden\" name=\"_wpcf7_locale\" value=\"es_ES\" \/><input type=\"hidden\" name=\"_wpcf7_unit_tag\" value=\"wpcf7-f2196-o1\" \/><input type=\"hidden\" name=\"_wpcf7_container_post\" value=\"0\" \/><input type=\"hidden\" name=\"_wpcf7_posted_data_hash\" value=\"\" \/><input type=\"hidden\" name=\"_wpcf7cf_hidden_group_fields\" value=\"[]\" \/><input type=\"hidden\" name=\"_wpcf7cf_hidden_groups\" value=\"[]\" \/><input type=\"hidden\" name=\"_wpcf7cf_visible_groups\" value=\"[]\" \/><input type=\"hidden\" name=\"_wpcf7cf_repeaters\" value=\"[]\" \/><input type=\"hidden\" name=\"_wpcf7cf_steps\" value=\"{}\" \/><input type=\"hidden\" name=\"_wpcf7cf_options\" value=\"{&quot;form_id&quot;:2196,&quot;conditions&quot;:[],&quot;settings&quot;:{&quot;animation&quot;:&quot;yes&quot;,&quot;animation_intime&quot;:200,&quot;animation_outtime&quot;:200,&quot;conditions_ui&quot;:&quot;normal&quot;,&quot;notice_dismissed&quot;:false}}\" \/>\n<\/fieldset>\n<p><span class=\"wpcf7-form-control-wrap\" data-name=\"yourname\"><input size=\"40\" maxlength=\"400\" class=\"wpcf7-form-control wpcf7-text wpcf7-validates-as-required\" aria-required=\"true\" aria-invalid=\"false\" placeholder=\"Nombre\" value=\"\" type=\"text\" name=\"yourname\" \/><\/span><br \/>\n<span class=\"wpcf7-form-control-wrap\" data-name=\"emailid\"><input size=\"40\" maxlength=\"400\" class=\"wpcf7-form-control wpcf7-email wpcf7-validates-as-required wpcf7-text wpcf7-validates-as-email\" aria-required=\"true\" aria-invalid=\"false\" placeholder=\"Env\u00eda un correo electr\u00f3nico a\" value=\"\" type=\"email\" name=\"emailid\" \/><\/span><br \/>\n<span class=\"wpcf7-form-control-wrap\" data-name=\"yourNumber\"><input size=\"40\" maxlength=\"400\" class=\"wpcf7-form-control wpcf7-tel wpcf7-text wpcf7-validates-as-tel\" aria-invalid=\"false\" placeholder=\"Tel\u00e9fono\" value=\"\" type=\"tel\" name=\"yourNumber\" \/><\/span><br \/>\n<span class=\"wpcf7-form-control-wrap\" data-name=\"your-massage\"><textarea cols=\"40\" rows=\"10\" maxlength=\"2000\" class=\"wpcf7-form-control wpcf7-textarea\" aria-invalid=\"false\" placeholder=\"Tu mensaje\" name=\"your-massage\"><\/textarea><\/span>\n<\/p>\n<p><input class=\"wpcf7-form-control wpcf7-submit has-spinner\" type=\"submit\" value=\"Env\u00eda\" \/>\n<\/p><div class=\"wpcf7-response-output\" aria-hidden=\"true\"><\/div>\n<\/form>\n<\/div>\n<\/div>\n            <\/div>\t\t\t\t<\/div>\n\t\t\t\t<\/div>\n\t\t\t\t<\/div>\n\t\t<div class=\"elementor-element elementor-element-c769b75 e-con-full e-flex e-con e-child\" data-id=\"c769b75\" data-element_type=\"container\">\n\t\t<div class=\"elementor-element elementor-element-21f0583 e-con-full e-flex e-con e-child\" data-id=\"21f0583\" data-element_type=\"container\">\n\t\t\t\t<div class=\"elementor-element elementor-element-7dba4f3 elementor-widget elementor-widget-heading\" data-id=\"7dba4f3\" data-element_type=\"widget\" data-widget_type=\"heading.default\">\n\t\t\t\t<div class=\"elementor-widget-container\">\n\t\t\t\t\t<h2 class=\"elementor-heading-title elementor-size-default\">\u00a1S\u00edguenos!<\/h2>\t\t\t\t<\/div>\n\t\t\t\t<\/div>\n\t\t\t\t<div class=\"elementor-element elementor-element-b9814fc elementor-shape-circle e-grid-align-left e-grid-align-mobile-center elementor-grid-0 elementor-widget elementor-widget-social-icons\" data-id=\"b9814fc\" data-element_type=\"widget\" data-widget_type=\"social-icons.default\">\n\t\t\t\t<div class=\"elementor-widget-container\">\n\t\t\t\t\t\t\t<div class=\"elementor-social-icons-wrapper elementor-grid\" role=\"list\">\n\t\t\t\t\t\t\t<span class=\"elementor-grid-item\" role=\"listitem\">\n\t\t\t\t\t<a class=\"elementor-icon elementor-social-icon elementor-social-icon-instagram elementor-repeater-item-7fac4a4\" href=\"https:\/\/www.instagram.com\/greendot_ca\/\" target=\"_blank\">\n\t\t\t\t\t\t<span class=\"elementor-screen-only\">Instagram<\/span>\n\t\t\t\t\t\t<svg aria-hidden=\"true\" class=\"e-font-icon-svg e-fab-instagram\" viewBox=\"0 0 448 512\" xmlns=\"http:\/\/www.w3.org\/2000\/svg\"><path d=\"M224.1 141c-63.6 0-114.9 51.3-114.9 114.9s51.3 114.9 114.9 114.9S339 319.5 339 255.9 287.7 141 224.1 141zm0 189.6c-41.1 0-74.7-33.5-74.7-74.7s33.5-74.7 74.7-74.7 74.7 33.5 74.7 74.7-33.6 74.7-74.7 74.7zm146.4-194.3c0 14.9-12 26.8-26.8 26.8-14.9 0-26.8-12-26.8-26.8s12-26.8 26.8-26.8 26.8 12 26.8 26.8zm76.1 27.2c-1.7-35.9-9.9-67.7-36.2-93.9-26.2-26.2-58-34.4-93.9-36.2-37-2.1-147.9-2.1-184.9 0-35.8 1.7-67.6 9.9-93.9 36.1s-34.4 58-36.2 93.9c-2.1 37-2.1 147.9 0 184.9 1.7 35.9 9.9 67.7 36.2 93.9s58 34.4 93.9 36.2c37 2.1 147.9 2.1 184.9 0 35.9-1.7 67.7-9.9 93.9-36.2 26.2-26.2 34.4-58 36.2-93.9 2.1-37 2.1-147.8 0-184.8zM398.8 388c-7.8 19.6-22.9 34.7-42.6 42.6-29.5 11.7-99.5 9-132.1 9s-102.7 2.6-132.1-9c-19.6-7.8-34.7-22.9-42.6-42.6-11.7-29.5-9-99.5-9-132.1s-2.6-102.7 9-132.1c7.8-19.6 22.9-34.7 42.6-42.6 29.5-11.7 99.5-9 132.1-9s102.7-2.6 132.1 9c19.6 7.8 34.7 22.9 42.6 42.6 11.7 29.5 9 99.5 9 132.1s2.7 102.7-9 132.1z\"><\/path><\/svg>\t\t\t\t\t<\/a>\n\t\t\t\t<\/span>\n\t\t\t\t\t\t\t<span class=\"elementor-grid-item\" role=\"listitem\">\n\t\t\t\t\t<a class=\"elementor-icon elementor-social-icon elementor-social-icon-facebook elementor-repeater-item-78d3e5b\" href=\"https:\/\/www.facebook.com\/GreenDotCA\/\" target=\"_blank\">\n\t\t\t\t\t\t<span class=\"elementor-screen-only\">Facebook<\/span>\n\t\t\t\t\t\t<svg aria-hidden=\"true\" class=\"e-font-icon-svg e-fab-facebook\" viewBox=\"0 0 512 512\" xmlns=\"http:\/\/www.w3.org\/2000\/svg\"><path d=\"M504 256C504 119 393 8 256 8S8 119 8 256c0 123.78 90.69 226.38 209.25 245V327.69h-63V256h63v-54.64c0-62.15 37-96.48 93.67-96.48 27.14 0 55.52 4.84 55.52 4.84v61h-31.28c-30.8 0-40.41 19.12-40.41 38.73V256h68.78l-11 71.69h-57.78V501C413.31 482.38 504 379.78 504 256z\"><\/path><\/svg>\t\t\t\t\t<\/a>\n\t\t\t\t<\/span>\n\t\t\t\t\t<\/div>\n\t\t\t\t\t\t<\/div>\n\t\t\t\t<\/div>\n\t\t\t\t<div class=\"elementor-element elementor-element-6ff3dd5 elementor-widget elementor-widget-html\" data-id=\"6ff3dd5\" data-element_type=\"widget\" data-widget_type=\"html.default\">\n\t\t\t\t<div class=\"elementor-widget-container\">\n\t\t\t\t\t\n<div><a href=\"https:\/\/curator.io\" target=\"_blank\" class=\"crt-logo crt-tag\">Desarrollado por Curator.io<\/a><\/div>\t\t\t\t<\/div>\n\t\t\t\t<\/div>\n\t\t\t\t<\/div>\n\t\t\t\t<\/div>\n\t\t\t\t\t<\/div>\n\t\t\t\t<\/div>\n\t\t<div class=\"elementor-element elementor-element-ae5353b e-con-full e-flex e-con e-parent\" data-id=\"ae5353b\" data-element_type=\"container\">\n\t\t\t\t<div class=\"elementor-element elementor-element-f4a220e elementor-widget elementor-widget-google_maps\" data-id=\"f4a220e\" data-element_type=\"widget\" data-widget_type=\"google_maps.default\">\n\t\t\t\t<div class=\"elementor-widget-container\">\n\t\t\t\t\t\t\t<div class=\"elementor-custom-embed\">\n\t\t\t<iframe loading=\"lazy\"\n\t\t\t\t\tsrc=\"https:\/\/maps.google.com\/maps?q=810%20East%20111th%20Place%20Los%20Angeles%2C%20CA%2090059%20%28323%29%20568-8613&#038;t=m&#038;z=15&#038;output=embed&#038;iwloc=near\"\n\t\t\t\t\ttitle=\"810 East 111th Place Los Angeles, CA 90059 (323) 568-8613\"\n\t\t\t\t\taria-label=\"810 East 111th Place Los Angeles, CA 90059 (323) 568-8613\"\n\t\t\t><\/iframe>\n\t\t<\/div>\n\t\t\t\t\t\t<\/div>\n\t\t\t\t<\/div>\n\t\t\t\t<\/div>\n\t\t<div class=\"elementor-element elementor-element-29b0c22 e-con-full e-flex e-con e-parent\" data-id=\"29b0c22\" data-element_type=\"container\">\n\t\t\t\t<div class=\"elementor-element elementor-element-aa29449 elementor-widget elementor-widget-spacer\" data-id=\"aa29449\" data-element_type=\"widget\" data-widget_type=\"spacer.default\">\n\t\t\t\t<div class=\"elementor-widget-container\">\n\t\t\t\t\t\t\t<div class=\"elementor-spacer\">\n\t\t\t<div class=\"elementor-spacer-inner\"><\/div>\n\t\t<\/div>\n\t\t\t\t\t\t<\/div>\n\t\t\t\t<\/div>\n\t\t\t\t<\/div>\n\t\t\t\t<\/div>\n\t\t","protected":false},"excerpt":{"rendered":"<p>Solicitar ahora Programa una visita Saber m\u00e1s Contacta con nosotros Para preguntas generales, comentarios,o dudas, llama al (323) 568-8613 o env\u00edanos un [&hellip;]<\/p>\n","protected":false},"author":4,"featured_media":0,"parent":0,"menu_order":0,"comment_status":"closed","ping_status":"closed","template":"","meta":{"_monsterinsights_skip_tracking":false,"_monsterinsights_sitenote_active":false,"_monsterinsights_sitenote_note":"","_monsterinsights_sitenote_category":0,"footnotes":""},"class_list":["post-2207","page","type-page","status-publish","hentry"],"yoast_head":"<!-- This site is optimized with the Yoast SEO plugin v26.0 - https:\/\/yoast.com\/wordpress\/plugins\/seo\/ -->\n<title>Contacta con nosotros - \u00c1nimo James B. Taylor Charter Middle School<\/title>\n<meta name=\"description\" content=\"Ponerse en contacto con el equipo de \u00c1nimo James B. Taylor Charter Middle School es f\u00e1cil. S\u00f3lo tienes que visitar nuestra p\u00e1gina de Contacto.\" \/>\n<meta name=\"robots\" content=\"index, follow, max-snippet:-1, max-image-preview:large, max-video-preview:-1\" \/>\n<link rel=\"canonical\" href=\"https:\/\/greendot.org\/taylor\/es\/contacta-con-nosotros\/\" \/>\n<meta property=\"og:locale\" content=\"es_ES\" \/>\n<meta property=\"og:type\" content=\"article\" \/>\n<meta property=\"og:title\" content=\"Contacta con nosotros - \u00c1nimo James B. Taylor Charter Middle School\" \/>\n<meta property=\"og:description\" content=\"Ponerse en contacto con el equipo de \u00c1nimo James B. Taylor Charter Middle School es f\u00e1cil. S\u00f3lo tienes que visitar nuestra p\u00e1gina de Contacto.\" \/>\n<meta property=\"og:url\" content=\"https:\/\/greendot.org\/taylor\/es\/contacta-con-nosotros\/\" \/>\n<meta property=\"og:site_name\" content=\"\u00c1nimo James B. Taylor Charter Middle School\" \/>\n<meta property=\"article:modified_time\" content=\"2024-09-02T07:22:41+00:00\" \/>\n<meta property=\"og:image\" content=\"https:\/\/greendot.org\/taylor\/wp-content\/plugins\/bdthemes-element-pack\/assets\/images\/direction\/step-1.svg\" \/>\n<meta name=\"twitter:card\" content=\"summary_large_image\" \/>\n<meta name=\"twitter:label1\" content=\"Tiempo de lectura\" \/>\n\t<meta name=\"twitter:data1\" content=\"1 minuto\" \/>\n<script type=\"application\/ld+json\" class=\"yoast-schema-graph\">{\"@context\":\"https:\/\/schema.org\",\"@graph\":[{\"@type\":\"WebPage\",\"@id\":\"https:\/\/greendot.org\/taylor\/es\/contacta-con-nosotros\/\",\"url\":\"https:\/\/greendot.org\/taylor\/es\/contacta-con-nosotros\/\",\"name\":\"Contacta con nosotros - \u00c1nimo James B. Taylor Charter Middle School\",\"isPartOf\":{\"@id\":\"https:\/\/greendot.org\/taylor\/#website\"},\"primaryImageOfPage\":{\"@id\":\"https:\/\/greendot.org\/taylor\/es\/contacta-con-nosotros\/#primaryimage\"},\"image\":{\"@id\":\"https:\/\/greendot.org\/taylor\/es\/contacta-con-nosotros\/#primaryimage\"},\"thumbnailUrl\":\"https:\/\/greendot.org\/taylor\/wp-content\/plugins\/bdthemes-element-pack\/assets\/images\/direction\/step-1.svg\",\"datePublished\":\"2024-06-28T10:39:19+00:00\",\"dateModified\":\"2024-09-02T07:22:41+00:00\",\"description\":\"Ponerse en contacto con el equipo de \u00c1nimo James B. Taylor Charter Middle School es f\u00e1cil. S\u00f3lo tienes que visitar nuestra p\u00e1gina de Contacto.\",\"breadcrumb\":{\"@id\":\"https:\/\/greendot.org\/taylor\/es\/contacta-con-nosotros\/#breadcrumb\"},\"inLanguage\":\"es\",\"potentialAction\":[{\"@type\":\"ReadAction\",\"target\":[\"https:\/\/greendot.org\/taylor\/es\/contacta-con-nosotros\/\"]}]},{\"@type\":\"ImageObject\",\"inLanguage\":\"es\",\"@id\":\"https:\/\/greendot.org\/taylor\/es\/contacta-con-nosotros\/#primaryimage\",\"url\":\"https:\/\/greendot.org\/taylor\/wp-content\/plugins\/bdthemes-element-pack\/assets\/images\/direction\/step-1.svg\",\"contentUrl\":\"https:\/\/greendot.org\/taylor\/wp-content\/plugins\/bdthemes-element-pack\/assets\/images\/direction\/step-1.svg\"},{\"@type\":\"BreadcrumbList\",\"@id\":\"https:\/\/greendot.org\/taylor\/es\/contacta-con-nosotros\/#breadcrumb\",\"itemListElement\":[{\"@type\":\"ListItem\",\"position\":1,\"name\":\"Home\",\"item\":\"https:\/\/greendot.org\/taylor\/es\/inicio\/\"},{\"@type\":\"ListItem\",\"position\":2,\"name\":\"Contacta con nosotros\"}]},{\"@type\":\"WebSite\",\"@id\":\"https:\/\/greendot.org\/taylor\/#website\",\"url\":\"https:\/\/greendot.org\/taylor\/\",\"name\":\"\u00c1nimo James B. Taylor Charter Middle School\",\"description\":\"\",\"potentialAction\":[{\"@type\":\"SearchAction\",\"target\":{\"@type\":\"EntryPoint\",\"urlTemplate\":\"https:\/\/greendot.org\/taylor\/?s={search_term_string}\"},\"query-input\":{\"@type\":\"PropertyValueSpecification\",\"valueRequired\":true,\"valueName\":\"search_term_string\"}}],\"inLanguage\":\"es\"}]}<\/script>\n<!-- \/ Yoast SEO plugin. -->","yoast_head_json":{"title":"Contacta con nosotros - \u00c1nimo James B. Taylor Charter Middle School","description":"Ponerse en contacto con el equipo de \u00c1nimo James B. Taylor Charter Middle School es f\u00e1cil. S\u00f3lo tienes que visitar nuestra p\u00e1gina de Contacto.","robots":{"index":"index","follow":"follow","max-snippet":"max-snippet:-1","max-image-preview":"max-image-preview:large","max-video-preview":"max-video-preview:-1"},"canonical":"https:\/\/greendot.org\/taylor\/es\/contacta-con-nosotros\/","og_locale":"es_ES","og_type":"article","og_title":"Contacta con nosotros - \u00c1nimo James B. Taylor Charter Middle School","og_description":"Ponerse en contacto con el equipo de \u00c1nimo James B. Taylor Charter Middle School es f\u00e1cil. S\u00f3lo tienes que visitar nuestra p\u00e1gina de Contacto.","og_url":"https:\/\/greendot.org\/taylor\/es\/contacta-con-nosotros\/","og_site_name":"\u00c1nimo James B. Taylor Charter Middle School","article_modified_time":"2024-09-02T07:22:41+00:00","og_image":[{"url":"https:\/\/greendot.org\/taylor\/wp-content\/plugins\/bdthemes-element-pack\/assets\/images\/direction\/step-1.svg","type":"","width":"","height":""}],"twitter_card":"summary_large_image","twitter_misc":{"Tiempo de lectura":"1 minuto"},"schema":{"@context":"https:\/\/schema.org","@graph":[{"@type":"WebPage","@id":"https:\/\/greendot.org\/taylor\/es\/contacta-con-nosotros\/","url":"https:\/\/greendot.org\/taylor\/es\/contacta-con-nosotros\/","name":"Contacta con nosotros - \u00c1nimo James B. Taylor Charter Middle School","isPartOf":{"@id":"https:\/\/greendot.org\/taylor\/#website"},"primaryImageOfPage":{"@id":"https:\/\/greendot.org\/taylor\/es\/contacta-con-nosotros\/#primaryimage"},"image":{"@id":"https:\/\/greendot.org\/taylor\/es\/contacta-con-nosotros\/#primaryimage"},"thumbnailUrl":"https:\/\/greendot.org\/taylor\/wp-content\/plugins\/bdthemes-element-pack\/assets\/images\/direction\/step-1.svg","datePublished":"2024-06-28T10:39:19+00:00","dateModified":"2024-09-02T07:22:41+00:00","description":"Ponerse en contacto con el equipo de \u00c1nimo James B. Taylor Charter Middle School es f\u00e1cil. S\u00f3lo tienes que visitar nuestra p\u00e1gina de Contacto.","breadcrumb":{"@id":"https:\/\/greendot.org\/taylor\/es\/contacta-con-nosotros\/#breadcrumb"},"inLanguage":"es","potentialAction":[{"@type":"ReadAction","target":["https:\/\/greendot.org\/taylor\/es\/contacta-con-nosotros\/"]}]},{"@type":"ImageObject","inLanguage":"es","@id":"https:\/\/greendot.org\/taylor\/es\/contacta-con-nosotros\/#primaryimage","url":"https:\/\/greendot.org\/taylor\/wp-content\/plugins\/bdthemes-element-pack\/assets\/images\/direction\/step-1.svg","contentUrl":"https:\/\/greendot.org\/taylor\/wp-content\/plugins\/bdthemes-element-pack\/assets\/images\/direction\/step-1.svg"},{"@type":"BreadcrumbList","@id":"https:\/\/greendot.org\/taylor\/es\/contacta-con-nosotros\/#breadcrumb","itemListElement":[{"@type":"ListItem","position":1,"name":"Home","item":"https:\/\/greendot.org\/taylor\/es\/inicio\/"},{"@type":"ListItem","position":2,"name":"Contacta con nosotros"}]},{"@type":"WebSite","@id":"https:\/\/greendot.org\/taylor\/#website","url":"https:\/\/greendot.org\/taylor\/","name":"\u00c1nimo James B. Taylor Charter Middle School","description":"","potentialAction":[{"@type":"SearchAction","target":{"@type":"EntryPoint","urlTemplate":"https:\/\/greendot.org\/taylor\/?s={search_term_string}"},"query-input":{"@type":"PropertyValueSpecification","valueRequired":true,"valueName":"search_term_string"}}],"inLanguage":"es"}]}},"_links":{"self":[{"href":"https:\/\/greendot.org\/taylor\/es\/wp-json\/wp\/v2\/pages\/2207","targetHints":{"allow":["GET"]}}],"collection":[{"href":"https:\/\/greendot.org\/taylor\/es\/wp-json\/wp\/v2\/pages"}],"about":[{"href":"https:\/\/greendot.org\/taylor\/es\/wp-json\/wp\/v2\/types\/page"}],"author":[{"embeddable":true,"href":"https:\/\/greendot.org\/taylor\/es\/wp-json\/wp\/v2\/users\/4"}],"replies":[{"embeddable":true,"href":"https:\/\/greendot.org\/taylor\/es\/wp-json\/wp\/v2\/comments?post=2207"}],"version-history":[{"count":0,"href":"https:\/\/greendot.org\/taylor\/es\/wp-json\/wp\/v2\/pages\/2207\/revisions"}],"wp:attachment":[{"href":"https:\/\/greendot.org\/taylor\/es\/wp-json\/wp\/v2\/media?parent=2207"}],"curies":[{"name":"wp","href":"https:\/\/api.w.org\/{rel}","templated":true}]}}