{"id":14053,"date":"2024-08-22T05:04:19","date_gmt":"2024-08-22T05:04:19","guid":{"rendered":"https:\/\/greendot.org\/comentarios-del-publico\/"},"modified":"2024-08-22T10:28:45","modified_gmt":"2024-08-22T10:28:45","slug":"comentarios-del-publico","status":"publish","type":"page","link":"https:\/\/greendot.org\/es\/comentarios-del-publico\/","title":{"rendered":"Comentarios del p\u00fablico"},"content":{"rendered":"\t\t<div data-elementor-type=\"wp-page\" data-elementor-id=\"14053\" class=\"elementor elementor-14053 elementor-14050\" data-elementor-post-type=\"page\">\n\t\t\t\t<div class=\"elementor-element elementor-element-b29efb6 e-con-full hero-banner e-flex elementor-invisible e-con e-parent\" data-id=\"b29efb6\" data-element_type=\"container\" data-settings=\"{&quot;background_background&quot;:&quot;classic&quot;,&quot;animation&quot;:&quot;zoomIn&quot;}\">\n\t\t\t\t<div class=\"elementor-element elementor-element-16ba847 elementor-widget elementor-widget-heading\" data-id=\"16ba847\" data-element_type=\"widget\" data-widget_type=\"heading.default\">\n\t\t\t\t<div class=\"elementor-widget-container\">\n\t\t\t\t\t<h1 class=\"elementor-heading-title elementor-size-default\">Comentarios del p\u00fablico<\/h1>\t\t\t\t<\/div>\n\t\t\t\t<\/div>\n\t\t\t\t<div class=\"elementor-element elementor-element-15d2196 elementor-absolute elementor-widget elementor-widget-image\" data-id=\"15d2196\" data-element_type=\"widget\" data-settings=\"{&quot;_position&quot;:&quot;absolute&quot;}\" data-widget_type=\"image.default\">\n\t\t\t\t<div class=\"elementor-widget-container\">\n\t\t\t\t\t\t\t\t\t\t\t\t\t\t\t<img fetchpriority=\"high\" decoding=\"async\" width=\"300\" height=\"300\" src=\"https:\/\/greendot.org\/wp-content\/uploads\/2024\/05\/circle_green.png\" class=\"attachment-medium size-medium wp-image-1377\" alt=\"\" srcset=\"https:\/\/greendot.org\/wp-content\/uploads\/2024\/05\/circle_green.png 300w, https:\/\/greendot.org\/wp-content\/uploads\/2024\/05\/elementor\/thumbs\/circle_green-qnwj9rp3d48ipdnyv71xbp0385vn2qr0m75hr9sw9o.png 150w, https:\/\/greendot.org\/wp-content\/uploads\/2024\/05\/elementor\/thumbs\/circle_green-qnwj9rp3z1mqidqu2nhidqf9qtzgemcvk3g2tz1ia8.png 200w\" sizes=\"(max-width: 300px) 100vw, 300px\" \/>\t\t\t\t\t\t\t\t\t\t\t\t\t\t\t<\/div>\n\t\t\t\t<\/div>\n\t\t\t\t<\/div>\n\t\t<div class=\"elementor-element elementor-element-0bbe75f e-con-full section-2 e-flex e-con e-child\" data-id=\"0bbe75f\" data-element_type=\"container\">\n\t\t\t\t<div class=\"elementor-element elementor-element-ea889e1 elementor-widget__width-initial elementor-widget elementor-widget-text-editor\" data-id=\"ea889e1\" data-element_type=\"widget\" data-widget_type=\"text-editor.default\">\n\t\t\t\t<div class=\"elementor-widget-container\">\n\t\t\t\t\t\t\t\t\t<p>La Junta ha asignado un total de 30 minutos para los comentarios del p\u00fablico. Las declaraciones est\u00e1n limitadas a 3 minutos por persona. Los miembros del p\u00fablico pueden dirigirse a la Junta por teleconferencia y se les invita a enviar un correo electr\u00f3nico a <a href=\"mailto:GreenDotCABoardMeeting@greendot.org\" target=\"_blank\" rel=\"noopener\">GreenDotCABoardMeeting@greendot.org<\/a> si no pueden dirigirse a la Junta durante la reuni\u00f3n. Esos mensajes se compartir\u00e1n con los miembros de la Junta de Green Dot California por correo electr\u00f3nico.<\/p><p>Los ciudadanos pueden inscribirse para hacer comentarios p\u00fablicos rellenando este formulario: <a href=\"https:\/\/docs.google.com\/forms\/d\/e\/1FAIpQLScbaOTmmgWMf4tnCDJJKl-0SxBCdcBGinVsi6HINtSEXnACQg\/viewform\" target=\"_blank\" rel=\"noopener\"><span style=\"text-decoration: underline;\">Formulario de comentario p\u00fablico<\/span><\/a>.<\/p>\t\t\t\t\t\t\t\t<\/div>\n\t\t\t\t<\/div>\n\t\t\t\t<\/div>\n\t\t\t\t<\/div>\n\t\t","protected":false},"excerpt":{"rendered":"<p>Comentarios del p\u00fablico La Junta ha asignado un total de 30 minutos para los comentarios del p\u00fablico. Las declaraciones est\u00e1n limitadas a [&hellip;]<\/p>\n","protected":false},"author":8,"featured_media":0,"parent":0,"menu_order":0,"comment_status":"closed","ping_status":"closed","template":"","meta":{"_monsterinsights_skip_tracking":false,"_monsterinsights_sitenote_active":false,"_monsterinsights_sitenote_note":"","_monsterinsights_sitenote_category":0,"footnotes":""},"class_list":["post-14053","page","type-page","status-publish","hentry"],"yoast_head":"<!-- This site is optimized with the Yoast SEO plugin v26.0 - https:\/\/yoast.com\/wordpress\/plugins\/seo\/ -->\n<title>Comentarios del p\u00fablico - Green Dot<\/title>\n<meta name=\"robots\" content=\"index, follow, max-snippet:-1, max-image-preview:large, max-video-preview:-1\" \/>\n<link rel=\"canonical\" href=\"https:\/\/greendot.org\/es\/comentarios-del-publico\/\" \/>\n<meta property=\"og:locale\" content=\"es_ES\" \/>\n<meta property=\"og:type\" content=\"article\" \/>\n<meta property=\"og:title\" content=\"Comentarios del p\u00fablico - Green Dot\" \/>\n<meta property=\"og:description\" content=\"Comentarios del p\u00fablico La Junta ha asignado un total de 30 minutos para los comentarios del p\u00fablico. Las declaraciones est\u00e1n limitadas a [&hellip;]\" \/>\n<meta property=\"og:url\" content=\"https:\/\/greendot.org\/es\/comentarios-del-publico\/\" \/>\n<meta property=\"og:site_name\" content=\"Green Dot\" \/>\n<meta property=\"article:publisher\" content=\"https:\/\/www.facebook.com\/greendotschools\" \/>\n<meta property=\"article:modified_time\" content=\"2024-08-22T10:28:45+00:00\" \/>\n<meta property=\"og:image\" content=\"https:\/\/greendot.org\/wp-content\/uploads\/2024\/05\/circle_green.png?wsr\" \/>\n<meta name=\"twitter:card\" content=\"summary_large_image\" \/>\n<meta name=\"twitter:site\" content=\"@greendotschools\" \/>\n<meta name=\"twitter:label1\" content=\"Tiempo de lectura\" \/>\n\t<meta name=\"twitter:data1\" content=\"1 minuto\" \/>\n<script type=\"application\/ld+json\" class=\"yoast-schema-graph\">{\"@context\":\"https:\/\/schema.org\",\"@graph\":[{\"@type\":\"WebPage\",\"@id\":\"https:\/\/greendot.org\/es\/comentarios-del-publico\/\",\"url\":\"https:\/\/greendot.org\/es\/comentarios-del-publico\/\",\"name\":\"Comentarios del p\u00fablico - Green Dot\",\"isPartOf\":{\"@id\":\"https:\/\/greendot.org\/es\/#website\"},\"primaryImageOfPage\":{\"@id\":\"https:\/\/greendot.org\/es\/comentarios-del-publico\/#primaryimage\"},\"image\":{\"@id\":\"https:\/\/greendot.org\/es\/comentarios-del-publico\/#primaryimage\"},\"thumbnailUrl\":\"https:\/\/greendot.org\/wp-content\/uploads\/2024\/05\/circle_green.png?wsr\",\"datePublished\":\"2024-08-22T05:04:19+00:00\",\"dateModified\":\"2024-08-22T10:28:45+00:00\",\"breadcrumb\":{\"@id\":\"https:\/\/greendot.org\/es\/comentarios-del-publico\/#breadcrumb\"},\"inLanguage\":\"es\",\"potentialAction\":[{\"@type\":\"ReadAction\",\"target\":[\"https:\/\/greendot.org\/es\/comentarios-del-publico\/\"]}]},{\"@type\":\"ImageObject\",\"inLanguage\":\"es\",\"@id\":\"https:\/\/greendot.org\/es\/comentarios-del-publico\/#primaryimage\",\"url\":\"https:\/\/greendot.org\/wp-content\/uploads\/2024\/05\/circle_green.png?wsr\",\"contentUrl\":\"https:\/\/greendot.org\/wp-content\/uploads\/2024\/05\/circle_green.png?wsr\"},{\"@type\":\"BreadcrumbList\",\"@id\":\"https:\/\/greendot.org\/es\/comentarios-del-publico\/#breadcrumb\",\"itemListElement\":[{\"@type\":\"ListItem\",\"position\":1,\"name\":\"Home\",\"item\":\"https:\/\/greendot.org\/es\/\"},{\"@type\":\"ListItem\",\"position\":2,\"name\":\"Comentarios del p\u00fablico\"}]},{\"@type\":\"WebSite\",\"@id\":\"https:\/\/greendot.org\/es\/#website\",\"url\":\"https:\/\/greendot.org\/es\/\",\"name\":\"Green Dot\",\"description\":\"\",\"publisher\":{\"@id\":\"https:\/\/greendot.org\/es\/#organization\"},\"potentialAction\":[{\"@type\":\"SearchAction\",\"target\":{\"@type\":\"EntryPoint\",\"urlTemplate\":\"https:\/\/greendot.org\/es\/?s={search_term_string}\"},\"query-input\":{\"@type\":\"PropertyValueSpecification\",\"valueRequired\":true,\"valueName\":\"search_term_string\"}}],\"inLanguage\":\"es\"},{\"@type\":\"Organization\",\"@id\":\"https:\/\/greendot.org\/es\/#organization\",\"name\":\"Green Dot\",\"url\":\"https:\/\/greendot.org\/es\/\",\"logo\":{\"@type\":\"ImageObject\",\"inLanguage\":\"es\",\"@id\":\"https:\/\/greendot.org\/es\/#\/schema\/logo\/image\/\",\"url\":\"https:\/\/greendot.org\/wp-content\/uploads\/2024\/04\/25yr-logo-GD-white.png?wsr\",\"contentUrl\":\"https:\/\/greendot.org\/wp-content\/uploads\/2024\/04\/25yr-logo-GD-white.png?wsr\",\"width\":350,\"height\":100,\"caption\":\"Green Dot\"},\"image\":{\"@id\":\"https:\/\/greendot.org\/es\/#\/schema\/logo\/image\/\"},\"sameAs\":[\"https:\/\/www.facebook.com\/greendotschools\",\"https:\/\/x.com\/greendotschools\",\"https:\/\/www.instagram.com\/greendotschools\/\"]}]}<\/script>\n<!-- \/ Yoast SEO plugin. -->","yoast_head_json":{"title":"Comentarios del p\u00fablico - Green Dot","robots":{"index":"index","follow":"follow","max-snippet":"max-snippet:-1","max-image-preview":"max-image-preview:large","max-video-preview":"max-video-preview:-1"},"canonical":"https:\/\/greendot.org\/es\/comentarios-del-publico\/","og_locale":"es_ES","og_type":"article","og_title":"Comentarios del p\u00fablico - Green Dot","og_description":"Comentarios del p\u00fablico La Junta ha asignado un total de 30 minutos para los comentarios del p\u00fablico. Las declaraciones est\u00e1n limitadas a [&hellip;]","og_url":"https:\/\/greendot.org\/es\/comentarios-del-publico\/","og_site_name":"Green Dot","article_publisher":"https:\/\/www.facebook.com\/greendotschools","article_modified_time":"2024-08-22T10:28:45+00:00","og_image":[{"url":"https:\/\/greendot.org\/wp-content\/uploads\/2024\/05\/circle_green.png?wsr","type":"","width":"","height":""}],"twitter_card":"summary_large_image","twitter_site":"@greendotschools","twitter_misc":{"Tiempo de lectura":"1 minuto"},"schema":{"@context":"https:\/\/schema.org","@graph":[{"@type":"WebPage","@id":"https:\/\/greendot.org\/es\/comentarios-del-publico\/","url":"https:\/\/greendot.org\/es\/comentarios-del-publico\/","name":"Comentarios del p\u00fablico - Green Dot","isPartOf":{"@id":"https:\/\/greendot.org\/es\/#website"},"primaryImageOfPage":{"@id":"https:\/\/greendot.org\/es\/comentarios-del-publico\/#primaryimage"},"image":{"@id":"https:\/\/greendot.org\/es\/comentarios-del-publico\/#primaryimage"},"thumbnailUrl":"https:\/\/greendot.org\/wp-content\/uploads\/2024\/05\/circle_green.png?wsr","datePublished":"2024-08-22T05:04:19+00:00","dateModified":"2024-08-22T10:28:45+00:00","breadcrumb":{"@id":"https:\/\/greendot.org\/es\/comentarios-del-publico\/#breadcrumb"},"inLanguage":"es","potentialAction":[{"@type":"ReadAction","target":["https:\/\/greendot.org\/es\/comentarios-del-publico\/"]}]},{"@type":"ImageObject","inLanguage":"es","@id":"https:\/\/greendot.org\/es\/comentarios-del-publico\/#primaryimage","url":"https:\/\/greendot.org\/wp-content\/uploads\/2024\/05\/circle_green.png?wsr","contentUrl":"https:\/\/greendot.org\/wp-content\/uploads\/2024\/05\/circle_green.png?wsr"},{"@type":"BreadcrumbList","@id":"https:\/\/greendot.org\/es\/comentarios-del-publico\/#breadcrumb","itemListElement":[{"@type":"ListItem","position":1,"name":"Home","item":"https:\/\/greendot.org\/es\/"},{"@type":"ListItem","position":2,"name":"Comentarios del p\u00fablico"}]},{"@type":"WebSite","@id":"https:\/\/greendot.org\/es\/#website","url":"https:\/\/greendot.org\/es\/","name":"Green Dot","description":"","publisher":{"@id":"https:\/\/greendot.org\/es\/#organization"},"potentialAction":[{"@type":"SearchAction","target":{"@type":"EntryPoint","urlTemplate":"https:\/\/greendot.org\/es\/?s={search_term_string}"},"query-input":{"@type":"PropertyValueSpecification","valueRequired":true,"valueName":"search_term_string"}}],"inLanguage":"es"},{"@type":"Organization","@id":"https:\/\/greendot.org\/es\/#organization","name":"Green Dot","url":"https:\/\/greendot.org\/es\/","logo":{"@type":"ImageObject","inLanguage":"es","@id":"https:\/\/greendot.org\/es\/#\/schema\/logo\/image\/","url":"https:\/\/greendot.org\/wp-content\/uploads\/2024\/04\/25yr-logo-GD-white.png?wsr","contentUrl":"https:\/\/greendot.org\/wp-content\/uploads\/2024\/04\/25yr-logo-GD-white.png?wsr","width":350,"height":100,"caption":"Green Dot"},"image":{"@id":"https:\/\/greendot.org\/es\/#\/schema\/logo\/image\/"},"sameAs":["https:\/\/www.facebook.com\/greendotschools","https:\/\/x.com\/greendotschools","https:\/\/www.instagram.com\/greendotschools\/"]}]}},"_links":{"self":[{"href":"https:\/\/greendot.org\/es\/wp-json\/wp\/v2\/pages\/14053","targetHints":{"allow":["GET"]}}],"collection":[{"href":"https:\/\/greendot.org\/es\/wp-json\/wp\/v2\/pages"}],"about":[{"href":"https:\/\/greendot.org\/es\/wp-json\/wp\/v2\/types\/page"}],"author":[{"embeddable":true,"href":"https:\/\/greendot.org\/es\/wp-json\/wp\/v2\/users\/8"}],"replies":[{"embeddable":true,"href":"https:\/\/greendot.org\/es\/wp-json\/wp\/v2\/comments?post=14053"}],"version-history":[{"count":0,"href":"https:\/\/greendot.org\/es\/wp-json\/wp\/v2\/pages\/14053\/revisions"}],"wp:attachment":[{"href":"https:\/\/greendot.org\/es\/wp-json\/wp\/v2\/media?parent=14053"}],"curies":[{"name":"wp","href":"https:\/\/api.w.org\/{rel}","templated":true}]}}